{"id":351,"date":"2023-11-20T10:12:40","date_gmt":"2023-11-20T09:12:40","guid":{"rendered":"https:\/\/villettadellamusica.com\/?page_id=351"},"modified":"2025-01-13T17:19:42","modified_gmt":"2025-01-13T16:19:42","slug":"angolo-italiano","status":"publish","type":"page","link":"https:\/\/villettadellamusica.com\/it\/angolo-italiano\/","title":{"rendered":"Angolo italiano"},"content":{"rendered":"<div data-elementor-type=\"wp-page\" data-elementor-id=\"351\" class=\"elementor elementor-351\">\n\t\t\t\t<div class=\"elementor-element elementor-element-768ca38 e-flex e-con-boxed e-con e-parent\" data-id=\"768ca38\" data-element_type=\"container\" data-settings=\"{&quot;background_background&quot;:&quot;classic&quot;}\">\n\t\t\t\t\t<div class=\"e-con-inner\">\n\t\t\t\t<div class=\"elementor-element elementor-element-ef9e306 elementor-widget elementor-widget-text-editor\" data-id=\"ef9e306\" data-element_type=\"widget\" data-widget_type=\"text-editor.default\">\n\t\t\t\t\t\t\t\t\t<h2><b>Corsi individuali e di gruppo d'italiano&nbsp;<\/b><\/h2>\n<p>Livello principante, livello avanzato, con orario flessibile, con insegnante laureata.&nbsp;<\/p>\t\t\t\t\t\t\t\t<\/div>\n\t\t\t\t<div class=\"elementor-element elementor-element-e21ce93 elementor-align-center elementor-widget elementor-widget-button\" data-id=\"e21ce93\" data-element_type=\"widget\" data-widget_type=\"button.default\">\n\t\t\t\t\t\t\t\t\t\t<a class=\"elementor-button elementor-button-link elementor-size-sm elementor-animation-pulse-shrink\" href=\"https:\/\/villettadellamusica.com\/it\/kapcsolat\/\">\n\t\t\t\t\t\t<span class=\"elementor-button-content-wrapper\">\n\t\t\t\t\t\t\t\t\t<span class=\"elementor-button-text\">Contatti<\/span>\n\t\t\t\t\t<\/span>\n\t\t\t\t\t<\/a>\n\t\t\t\t\t\t\t\t<\/div>\n\t\t\t\t<div class=\"elementor-element elementor-element-f9bd013 elementor-widget elementor-widget-text-editor\" data-id=\"f9bd013\" data-element_type=\"widget\" data-widget_type=\"text-editor.default\">\n\t\t\t\t\t\t\t\t\t<h2><b style=\"font-size: 20px;\">Il Cicaleccio di G\u00e1rdony - Salone culturale italiano<\/b><\/h2>\n<p>Ormai tradizione a G\u00e1rdony che gli italianisti intorno al lago si ritrovano nella veranda della Villetta della Musica il venerd\u00ed sera&nbsp;<\/p>\n<p>per discutere liberamente e con passione dei vari argomenti della vita nella lingua pi\u00fa melodica del mondo, in italiano.&nbsp;<\/p>\t\t\t\t\t\t\t\t<\/div>\n\t\t\t\t\t<\/div>\n\t\t\t\t<\/div>\n\t\t<div class=\"elementor-element elementor-element-03217b1 e-flex e-con-boxed e-con e-parent\" data-id=\"03217b1\" data-element_type=\"container\">\n\t\t\t\t\t<div class=\"e-con-inner\">\n\t\t<div class=\"elementor-element elementor-element-5f0da76 e-con-full e-flex e-con e-child\" data-id=\"5f0da76\" data-element_type=\"container\">\n\t\t\t\t<div class=\"elementor-element elementor-element-34d39d8 elementor-widget elementor-widget-image\" data-id=\"34d39d8\" data-element_type=\"widget\" data-widget_type=\"image.default\">\n\t\t\t\t\t\t\t\t\t\t\t\t\t\t\t<img fetchpriority=\"high\" decoding=\"async\" width=\"724\" height=\"1024\" src=\"https:\/\/villettadellamusica.com\/wp-content\/uploads\/2023\/11\/IL-CICALECCIO-DI-GARDONY-a-cura-della-Villetta-della-Musica-724x1024.png\" class=\"attachment-large size-large wp-image-367\" alt=\"\" srcset=\"https:\/\/villettadellamusica.com\/wp-content\/uploads\/2023\/11\/IL-CICALECCIO-DI-GARDONY-a-cura-della-Villetta-della-Musica-724x1024.png 724w, https:\/\/villettadellamusica.com\/wp-content\/uploads\/2023\/11\/IL-CICALECCIO-DI-GARDONY-a-cura-della-Villetta-della-Musica-212x300.png 212w, https:\/\/villettadellamusica.com\/wp-content\/uploads\/2023\/11\/IL-CICALECCIO-DI-GARDONY-a-cura-della-Villetta-della-Musica-768x1086.png 768w, https:\/\/villettadellamusica.com\/wp-content\/uploads\/2023\/11\/IL-CICALECCIO-DI-GARDONY-a-cura-della-Villetta-della-Musica-1086x1536.png 1086w, https:\/\/villettadellamusica.com\/wp-content\/uploads\/2023\/11\/IL-CICALECCIO-DI-GARDONY-a-cura-della-Villetta-della-Musica-1448x2048.png 1448w\" sizes=\"(max-width: 724px) 100vw, 724px\" \/>\t\t\t\t\t\t\t\t\t\t\t\t\t\t\t<\/div>\n\t\t\t\t<\/div>\n\t\t<div class=\"elementor-element elementor-element-d84d830 e-con-full e-flex e-con e-child\" data-id=\"d84d830\" data-element_type=\"container\">\n\t\t\t\t<div class=\"elementor-element elementor-element-bc71315 elementor-widget elementor-widget-image\" data-id=\"bc71315\" data-element_type=\"widget\" data-widget_type=\"image.default\">\n\t\t\t\t\t\t\t\t\t\t\t\t\t\t\t<img decoding=\"async\" width=\"724\" height=\"1024\" src=\"https:\/\/villettadellamusica.com\/wp-content\/uploads\/2023\/11\/Cicaleccio_page-0001-724x1024.jpg\" class=\"attachment-large size-large wp-image-369\" alt=\"\" srcset=\"https:\/\/villettadellamusica.com\/wp-content\/uploads\/2023\/11\/Cicaleccio_page-0001-724x1024.jpg 724w, https:\/\/villettadellamusica.com\/wp-content\/uploads\/2023\/11\/Cicaleccio_page-0001-212x300.jpg 212w, https:\/\/villettadellamusica.com\/wp-content\/uploads\/2023\/11\/Cicaleccio_page-0001-768x1086.jpg 768w, https:\/\/villettadellamusica.com\/wp-content\/uploads\/2023\/11\/Cicaleccio_page-0001-1086x1536.jpg 1086w, https:\/\/villettadellamusica.com\/wp-content\/uploads\/2023\/11\/Cicaleccio_page-0001.jpg 1241w\" sizes=\"(max-width: 724px) 100vw, 724px\" \/>\t\t\t\t\t\t\t\t\t\t\t\t\t\t\t<\/div>\n\t\t\t\t<\/div>\n\t\t\t\t\t<\/div>\n\t\t\t\t<\/div>\n\t\t\t\t<\/div>","protected":false},"excerpt":{"rendered":"<p>Egy\u00e9ni \u00e9s csoportos olasz nyelvtanfolyamok&nbsp; Kezd\u0151knek \u00e9s \u00fajrakezd\u0151knek, halad\u00f3knak, sz\u00fcletett italianist\u00e1knak, rugalmas id\u0151beoszt\u00e1ssal, diplom\u00e1s nyelvtan\u00e1rt\u00f3l.&nbsp; Kapcsolat Il Cicaleccio di G\u00e1rdony &#8211; Olasz kultur\u00e1lis szalon G\u00e1rdonyban imm\u00e1r hagyom\u00e1ny, hogy a t\u00f3k\u00f6rny\u00e9ki italianist\u00e1k p\u00e9ntek est\u00e9nk\u00e9nt \u00f6sszegy\u0171lnek a Villetta della Musica verand\u00e1j\u00e1n,&nbsp; hogy a nagyvil\u00e1g k\u00e9rd\u00e9seit szabadon \u00e9s szenved\u00e9llyel, a legeslegdallamosabb mel\u00f3di\u00e1k nyelv\u00e9n, olaszul megvitass\u00e1k.&nbsp;<\/p>","protected":false},"author":1,"featured_media":0,"parent":0,"menu_order":0,"comment_status":"closed","ping_status":"closed","template":"","meta":{"ocean_post_layout":"full-screen","ocean_both_sidebars_style":"","ocean_both_sidebars_content_width":0,"ocean_both_sidebars_sidebars_width":0,"ocean_sidebar":"","ocean_second_sidebar":"","ocean_disable_margins":"enable","ocean_add_body_class":"","ocean_shortcode_before_top_bar":"","ocean_shortcode_after_top_bar":"","ocean_shortcode_before_header":"","ocean_shortcode_after_header":"","ocean_has_shortcode":"","ocean_shortcode_after_title":"","ocean_shortcode_before_footer_widgets":"","ocean_shortcode_after_footer_widgets":"","ocean_shortcode_before_footer_bottom":"","ocean_shortcode_after_footer_bottom":"","ocean_display_top_bar":"off","ocean_display_header":"default","ocean_header_style":"","ocean_center_header_left_menu":"","ocean_custom_header_template":"","ocean_custom_logo":0,"ocean_custom_retina_logo":0,"ocean_custom_logo_max_width":0,"ocean_custom_logo_tablet_max_width":0,"ocean_custom_logo_mobile_max_width":0,"ocean_custom_logo_max_height":0,"ocean_custom_logo_tablet_max_height":0,"ocean_custom_logo_mobile_max_height":0,"ocean_header_custom_menu":"","ocean_menu_typo_font_family":"","ocean_menu_typo_font_subset":"","ocean_menu_typo_font_size":0,"ocean_menu_typo_font_size_tablet":0,"ocean_menu_typo_font_size_mobile":0,"ocean_menu_typo_font_size_unit":"px","ocean_menu_typo_font_weight":"","ocean_menu_typo_font_weight_tablet":"","ocean_menu_typo_font_weight_mobile":"","ocean_menu_typo_transform":"","ocean_menu_typo_transform_tablet":"","ocean_menu_typo_transform_mobile":"","ocean_menu_typo_line_height":0,"ocean_menu_typo_line_height_tablet":0,"ocean_menu_typo_line_height_mobile":0,"ocean_menu_typo_line_height_unit":"","ocean_menu_typo_spacing":0,"ocean_menu_typo_spacing_tablet":0,"ocean_menu_typo_spacing_mobile":0,"ocean_menu_typo_spacing_unit":"","ocean_menu_link_color":"","ocean_menu_link_color_hover":"","ocean_menu_link_color_active":"","ocean_menu_link_background":"","ocean_menu_link_hover_background":"","ocean_menu_link_active_background":"","ocean_menu_social_links_bg":"","ocean_menu_social_hover_links_bg":"","ocean_menu_social_links_color":"","ocean_menu_social_hover_links_color":"","ocean_disable_title":"on","ocean_disable_heading":"default","ocean_post_title":"","ocean_post_subheading":"","ocean_post_title_style":"","ocean_post_title_background_color":"","ocean_post_title_background":0,"ocean_post_title_bg_image_position":"","ocean_post_title_bg_image_attachment":"","ocean_post_title_bg_image_repeat":"","ocean_post_title_bg_image_size":"","ocean_post_title_height":0,"ocean_post_title_bg_overlay":0.5,"ocean_post_title_bg_overlay_color":"","ocean_disable_breadcrumbs":"default","ocean_breadcrumbs_color":"","ocean_breadcrumbs_separator_color":"","ocean_breadcrumbs_links_color":"","ocean_breadcrumbs_links_hover_color":"","ocean_display_footer_widgets":"off","ocean_display_footer_bottom":"off","ocean_custom_footer_template":"","footnotes":""},"class_list":["post-351","page","type-page","status-publish","hentry","entry"],"_links":{"self":[{"href":"https:\/\/villettadellamusica.com\/it\/wp-json\/wp\/v2\/pages\/351","targetHints":{"allow":["GET"]}}],"collection":[{"href":"https:\/\/villettadellamusica.com\/it\/wp-json\/wp\/v2\/pages"}],"about":[{"href":"https:\/\/villettadellamusica.com\/it\/wp-json\/wp\/v2\/types\/page"}],"author":[{"embeddable":true,"href":"https:\/\/villettadellamusica.com\/it\/wp-json\/wp\/v2\/users\/1"}],"replies":[{"embeddable":true,"href":"https:\/\/villettadellamusica.com\/it\/wp-json\/wp\/v2\/comments?post=351"}],"version-history":[{"count":45,"href":"https:\/\/villettadellamusica.com\/it\/wp-json\/wp\/v2\/pages\/351\/revisions"}],"predecessor-version":[{"id":645,"href":"https:\/\/villettadellamusica.com\/it\/wp-json\/wp\/v2\/pages\/351\/revisions\/645"}],"wp:attachment":[{"href":"https:\/\/villettadellamusica.com\/it\/wp-json\/wp\/v2\/media?parent=351"}],"curies":[{"name":"wp","href":"https:\/\/api.w.org\/{rel}","templated":true}]}}