{"id":271,"date":"2023-11-19T19:09:57","date_gmt":"2023-11-19T18:09:57","guid":{"rendered":"https:\/\/villettadellamusica.com\/?page_id=271"},"modified":"2023-11-19T20:24:05","modified_gmt":"2023-11-19T19:24:05","slug":"a-villaepulet","status":"publish","type":"page","link":"https:\/\/villettadellamusica.com\/it\/a-villaepulet\/","title":{"rendered":"L'edificio"},"content":{"rendered":"<div data-elementor-type=\"wp-page\" data-elementor-id=\"271\" class=\"elementor elementor-271\">\n\t\t\t\t<div class=\"elementor-element elementor-element-d9c678a e-flex e-con-boxed e-con e-parent\" data-id=\"d9c678a\" data-element_type=\"container\" data-settings=\"{&quot;background_background&quot;:&quot;classic&quot;}\">\n\t\t\t\t\t<div class=\"e-con-inner\">\n\t\t<div class=\"elementor-element elementor-element-b8686b7 e-con-full e-flex e-con e-child\" data-id=\"b8686b7\" data-element_type=\"container\">\n\t\t\t\t<div class=\"elementor-element elementor-element-c5f3216 elementor-widget elementor-widget-heading\" data-id=\"c5f3216\" data-element_type=\"widget\" data-widget_type=\"heading.default\">\n\t\t\t\t\t<h2 class=\"elementor-heading-title elementor-size-default\">L'edificio della Villetta della Musica <\/h2>\t\t\t\t<\/div>\n\t\t\t\t<div class=\"elementor-element elementor-element-a63eccf elementor-widget elementor-widget-text-editor\" data-id=\"a63eccf\" data-element_type=\"widget\" data-widget_type=\"text-editor.default\">\n\t\t\t\t\t\t\t\t\t<p>Il periodo di costruzione dell\u2019edificio \u00e8 tra il 1927 e il 1928.\nLa casa ha una disposizione tradizionale e riflette bene i tipi edilizi dell\u2019epoca.\nLa pianta \u00e8 quadrata, con una veranda esagonale sporgente e, sopra di essa, una terrazza aperta con parapetto in acciaio. La superficie utile \u00e8 di 150 mq.\n\nIl basamento dell\u2019edificio \u00e8 in pietra naturale grezza, mentre le pareti sono in mattoni pieni di grandi dimensioni. Il solaio \u00e8 in legno, con intreccio di canne da stucco sul lato inferiore.\nLa struttura \u00e8 parzialmente interrata e si sviluppa su piano terra e sottotetto; il tetto a padiglione \u00e8 coperto con tegole tradizionali \u201ccs\u00e1rd\u00e1s\u201d di Csorna.\n\nGli infissi sono realizzati in legno; le finestre della veranda sono di stile antico, con fitti traversi sia nella parte superiore che inferiore.\u00a0<\/p><p>Fonte: Archivio di storia locale della citt\u00e0 di G\u00e1rdony I \u2013 Valori architettonici e del verde urbano<\/p>\t\t\t\t\t\t\t\t<\/div>\n\t\t\t\t<\/div>\n\t\t<div class=\"elementor-element elementor-element-d786ef6 e-con-full e-flex e-con e-child\" data-id=\"d786ef6\" data-element_type=\"container\">\n\t\t\t\t<div class=\"elementor-element elementor-element-5cf4b54 elementor-widget elementor-widget-image\" data-id=\"5cf4b54\" data-element_type=\"widget\" data-widget_type=\"image.default\">\n\t\t\t\t\t\t\t\t\t\t\t\t\t\t\t<img fetchpriority=\"high\" decoding=\"async\" width=\"1024\" height=\"1011\" src=\"https:\/\/villettadellamusica.com\/wp-content\/uploads\/2023\/11\/Villetta1-1024x1011.jpg\" class=\"attachment-large size-large wp-image-322\" alt=\"\" srcset=\"https:\/\/villettadellamusica.com\/wp-content\/uploads\/2023\/11\/Villetta1-1024x1011.jpg 1024w, https:\/\/villettadellamusica.com\/wp-content\/uploads\/2023\/11\/Villetta1-300x296.jpg 300w, https:\/\/villettadellamusica.com\/wp-content\/uploads\/2023\/11\/Villetta1-768x758.jpg 768w, https:\/\/villettadellamusica.com\/wp-content\/uploads\/2023\/11\/Villetta1-1536x1517.jpg 1536w, https:\/\/villettadellamusica.com\/wp-content\/uploads\/2023\/11\/Villetta1-2048x2023.jpg 2048w\" sizes=\"(max-width: 1024px) 100vw, 1024px\" \/>\t\t\t\t\t\t\t\t\t\t\t\t\t\t\t<\/div>\n\t\t\t\t<\/div>\n\t\t<div class=\"elementor-element elementor-element-8d19bfc e-con-full e-flex e-con e-child\" data-id=\"8d19bfc\" data-element_type=\"container\">\n\t\t\t\t<div class=\"elementor-element elementor-element-7f4add3 elementor-widget elementor-widget-image\" data-id=\"7f4add3\" data-element_type=\"widget\" data-widget_type=\"image.default\">\n\t\t\t\t\t\t\t\t\t\t\t\t\t\t\t<img decoding=\"async\" width=\"910\" height=\"1024\" src=\"https:\/\/villettadellamusica.com\/wp-content\/uploads\/2023\/11\/park-910x1024.jpg\" class=\"attachment-large size-large wp-image-321\" alt=\"\" srcset=\"https:\/\/villettadellamusica.com\/wp-content\/uploads\/2023\/11\/park-910x1024.jpg 910w, https:\/\/villettadellamusica.com\/wp-content\/uploads\/2023\/11\/park-267x300.jpg 267w, https:\/\/villettadellamusica.com\/wp-content\/uploads\/2023\/11\/park-768x864.jpg 768w, https:\/\/villettadellamusica.com\/wp-content\/uploads\/2023\/11\/park-1365x1536.jpg 1365w, https:\/\/villettadellamusica.com\/wp-content\/uploads\/2023\/11\/park-1820x2048.jpg 1820w\" sizes=\"(max-width: 910px) 100vw, 910px\" \/>\t\t\t\t\t\t\t\t\t\t\t\t\t\t\t<\/div>\n\t\t\t\t<\/div>\n\t\t<div class=\"elementor-element elementor-element-8385ebf e-con-full e-flex e-con e-child\" data-id=\"8385ebf\" data-element_type=\"container\">\n\t\t\t\t<div class=\"elementor-element elementor-element-b80f568 elementor-widget elementor-widget-image\" data-id=\"b80f568\" data-element_type=\"widget\" data-widget_type=\"image.default\">\n\t\t\t\t\t\t\t\t\t\t\t\t\t\t\t<img decoding=\"async\" width=\"819\" height=\"1024\" src=\"https:\/\/villettadellamusica.com\/wp-content\/uploads\/2023\/11\/IMG_20230807_124734_956-819x1024.jpg\" class=\"attachment-large size-large wp-image-325\" alt=\"\" srcset=\"https:\/\/villettadellamusica.com\/wp-content\/uploads\/2023\/11\/IMG_20230807_124734_956-819x1024.jpg 819w, https:\/\/villettadellamusica.com\/wp-content\/uploads\/2023\/11\/IMG_20230807_124734_956-240x300.jpg 240w, https:\/\/villettadellamusica.com\/wp-content\/uploads\/2023\/11\/IMG_20230807_124734_956-768x960.jpg 768w, https:\/\/villettadellamusica.com\/wp-content\/uploads\/2023\/11\/IMG_20230807_124734_956-1229x1536.jpg 1229w, https:\/\/villettadellamusica.com\/wp-content\/uploads\/2023\/11\/IMG_20230807_124734_956-1638x2048.jpg 1638w, https:\/\/villettadellamusica.com\/wp-content\/uploads\/2023\/11\/IMG_20230807_124734_956-scaled.jpg 2048w\" sizes=\"(max-width: 819px) 100vw, 819px\" \/>\t\t\t\t\t\t\t\t\t\t\t\t\t\t\t<\/div>\n\t\t\t\t<\/div>\n\t\t<div class=\"elementor-element elementor-element-9ed2d44 e-con-full e-flex e-con e-child\" data-id=\"9ed2d44\" data-element_type=\"container\">\n\t\t\t\t<div class=\"elementor-element elementor-element-c8d12cb elementor-widget elementor-widget-image\" data-id=\"c8d12cb\" data-element_type=\"widget\" data-widget_type=\"image.default\">\n\t\t\t\t\t\t\t\t\t\t\t\t\t\t\t<img loading=\"lazy\" decoding=\"async\" width=\"1024\" height=\"833\" src=\"https:\/\/villettadellamusica.com\/wp-content\/uploads\/2023\/11\/konyvtar-1024x833.jpg\" class=\"attachment-large size-large wp-image-319\" alt=\"\" srcset=\"https:\/\/villettadellamusica.com\/wp-content\/uploads\/2023\/11\/konyvtar-1024x833.jpg 1024w, https:\/\/villettadellamusica.com\/wp-content\/uploads\/2023\/11\/konyvtar-300x244.jpg 300w, https:\/\/villettadellamusica.com\/wp-content\/uploads\/2023\/11\/konyvtar-768x625.jpg 768w, https:\/\/villettadellamusica.com\/wp-content\/uploads\/2023\/11\/konyvtar-1536x1250.jpg 1536w, https:\/\/villettadellamusica.com\/wp-content\/uploads\/2023\/11\/konyvtar-2048x1666.jpg 2048w\" sizes=\"(max-width: 1024px) 100vw, 1024px\" \/>\t\t\t\t\t\t\t\t\t\t\t\t\t\t\t<\/div>\n\t\t\t\t<div class=\"elementor-element elementor-element-dccc5fb elementor-widget elementor-widget-image\" data-id=\"dccc5fb\" data-element_type=\"widget\" data-widget_type=\"image.default\">\n\t\t\t\t\t\t\t\t\t\t\t\t\t\t\t<img loading=\"lazy\" decoding=\"async\" width=\"768\" height=\"1024\" src=\"https:\/\/villettadellamusica.com\/wp-content\/uploads\/2023\/11\/20210325_083717-768x1024.jpg\" class=\"attachment-large size-large wp-image-318\" alt=\"\" srcset=\"https:\/\/villettadellamusica.com\/wp-content\/uploads\/2023\/11\/20210325_083717-768x1024.jpg 768w, https:\/\/villettadellamusica.com\/wp-content\/uploads\/2023\/11\/20210325_083717-225x300.jpg 225w, https:\/\/villettadellamusica.com\/wp-content\/uploads\/2023\/11\/20210325_083717-1152x1536.jpg 1152w, https:\/\/villettadellamusica.com\/wp-content\/uploads\/2023\/11\/20210325_083717-1536x2048.jpg 1536w, https:\/\/villettadellamusica.com\/wp-content\/uploads\/2023\/11\/20210325_083717-scaled.jpg 1920w\" sizes=\"(max-width: 768px) 100vw, 768px\" \/>\t\t\t\t\t\t\t\t\t\t\t\t\t\t\t<\/div>\n\t\t\t\t<\/div>\n\t\t<div class=\"elementor-element elementor-element-d0f6bf4 e-con-full e-flex e-con e-child\" data-id=\"d0f6bf4\" data-element_type=\"container\">\n\t\t\t\t<div class=\"elementor-element elementor-element-44c7a8d elementor-widget elementor-widget-image\" data-id=\"44c7a8d\" data-element_type=\"widget\" data-widget_type=\"image.default\">\n\t\t\t\t\t\t\t\t\t\t\t\t\t\t\t<img loading=\"lazy\" decoding=\"async\" width=\"1024\" height=\"916\" src=\"https:\/\/villettadellamusica.com\/wp-content\/uploads\/2023\/11\/Villetta-este-1024x916.jpg\" class=\"attachment-large size-large wp-image-320\" alt=\"\" srcset=\"https:\/\/villettadellamusica.com\/wp-content\/uploads\/2023\/11\/Villetta-este-1024x916.jpg 1024w, https:\/\/villettadellamusica.com\/wp-content\/uploads\/2023\/11\/Villetta-este-300x268.jpg 300w, https:\/\/villettadellamusica.com\/wp-content\/uploads\/2023\/11\/Villetta-este-768x687.jpg 768w, https:\/\/villettadellamusica.com\/wp-content\/uploads\/2023\/11\/Villetta-este-1536x1373.jpg 1536w, https:\/\/villettadellamusica.com\/wp-content\/uploads\/2023\/11\/Villetta-este-2048x1831.jpg 2048w\" sizes=\"(max-width: 1024px) 100vw, 1024px\" \/>\t\t\t\t\t\t\t\t\t\t\t\t\t\t\t<\/div>\n\t\t\t\t<div class=\"elementor-element elementor-element-0801dc4 elementor-widget elementor-widget-image\" data-id=\"0801dc4\" data-element_type=\"widget\" data-widget_type=\"image.default\">\n\t\t\t\t\t\t\t\t\t\t\t\t\t\t\t<img loading=\"lazy\" decoding=\"async\" width=\"1024\" height=\"768\" src=\"https:\/\/villettadellamusica.com\/wp-content\/uploads\/2023\/11\/macskak-1024x768.jpg\" class=\"attachment-large size-large wp-image-323\" alt=\"\" srcset=\"https:\/\/villettadellamusica.com\/wp-content\/uploads\/2023\/11\/macskak-1024x768.jpg 1024w, https:\/\/villettadellamusica.com\/wp-content\/uploads\/2023\/11\/macskak-300x225.jpg 300w, https:\/\/villettadellamusica.com\/wp-content\/uploads\/2023\/11\/macskak-768x576.jpg 768w, https:\/\/villettadellamusica.com\/wp-content\/uploads\/2023\/11\/macskak-1536x1152.jpg 1536w, https:\/\/villettadellamusica.com\/wp-content\/uploads\/2023\/11\/macskak-2048x1536.jpg 2048w\" sizes=\"(max-width: 1024px) 100vw, 1024px\" \/>\t\t\t\t\t\t\t\t\t\t\t\t\t\t\t<\/div>\n\t\t\t\t<\/div>\n\t\t<div class=\"elementor-element elementor-element-b1f106b e-con-full e-flex e-con e-child\" data-id=\"b1f106b\" data-element_type=\"container\">\n\t\t\t\t<\/div>\n\t\t<div class=\"elementor-element elementor-element-c119fb3 e-con-full e-flex e-con e-child\" data-id=\"c119fb3\" data-element_type=\"container\">\n\t\t\t\t<\/div>\n\t\t\t\t\t<\/div>\n\t\t\t\t<\/div>\n\t\t\t\t<\/div>","protected":false},"excerpt":{"rendered":"<p>A Villetta della Musica \u00e9p\u00fclete Az \u00e9p\u00fclet \u00e9p\u00edt\u00e9se ideje 1927-1928. A h\u00e1z hagyom\u00e1nyos elrendez\u00e9s\u0171, j\u00f3l t\u00fckr\u00f6zi a kor t\u00edpus\u00e9p\u00fcleteit. Alaprajza n\u00e9gyzet, el\u0151reugr\u00f3 hatsz\u00f6g verand\u00e1val, felette ac\u00e9lkorl\u00e1tos, nyitott terasszal. Hasznos alapter\u00fclete 150 nm. Az \u00e9p\u00fclet l\u00e1bazata rakott term\u00e9sk\u0151, falazata nagym\u00e9ret\u0171 t\u00f6m\u00f6r t\u00e9gla, a f\u00f6d\u00e9m faanyag\u00fa, alulr\u00f3l stukat\u00farn\u00e1daz\u00e1ssal. R\u00e9szben pinc\u00e9zett + f\u00f6ldszint + tet\u0151teres kialak\u00edt\u00e1s\u00fa; a manz\u00e1rdtet\u0151 [&hellip;]<\/p>","protected":false},"author":1,"featured_media":0,"parent":0,"menu_order":0,"comment_status":"closed","ping_status":"closed","template":"","meta":{"ocean_post_layout":"full-screen","ocean_both_sidebars_style":"","ocean_both_sidebars_content_width":0,"ocean_both_sidebars_sidebars_width":0,"ocean_sidebar":"","ocean_second_sidebar":"","ocean_disable_margins":"enable","ocean_add_body_class":"","ocean_shortcode_before_top_bar":"","ocean_shortcode_after_top_bar":"","ocean_shortcode_before_header":"","ocean_shortcode_after_header":"","ocean_has_shortcode":"","ocean_shortcode_after_title":"","ocean_shortcode_before_footer_widgets":"","ocean_shortcode_after_footer_widgets":"","ocean_shortcode_before_footer_bottom":"","ocean_shortcode_after_footer_bottom":"","ocean_display_top_bar":"off","ocean_display_header":"default","ocean_header_style":"","ocean_center_header_left_menu":"","ocean_custom_header_template":"","ocean_custom_logo":0,"ocean_custom_retina_logo":0,"ocean_custom_logo_max_width":0,"ocean_custom_logo_tablet_max_width":0,"ocean_custom_logo_mobile_max_width":0,"ocean_custom_logo_max_height":0,"ocean_custom_logo_tablet_max_height":0,"ocean_custom_logo_mobile_max_height":0,"ocean_header_custom_menu":"","ocean_menu_typo_font_family":"","ocean_menu_typo_font_subset":"","ocean_menu_typo_font_size":0,"ocean_menu_typo_font_size_tablet":0,"ocean_menu_typo_font_size_mobile":0,"ocean_menu_typo_font_size_unit":"px","ocean_menu_typo_font_weight":"","ocean_menu_typo_font_weight_tablet":"","ocean_menu_typo_font_weight_mobile":"","ocean_menu_typo_transform":"","ocean_menu_typo_transform_tablet":"","ocean_menu_typo_transform_mobile":"","ocean_menu_typo_line_height":0,"ocean_menu_typo_line_height_tablet":0,"ocean_menu_typo_line_height_mobile":0,"ocean_menu_typo_line_height_unit":"","ocean_menu_typo_spacing":0,"ocean_menu_typo_spacing_tablet":0,"ocean_menu_typo_spacing_mobile":0,"ocean_menu_typo_spacing_unit":"","ocean_menu_link_color":"","ocean_menu_link_color_hover":"","ocean_menu_link_color_active":"","ocean_menu_link_background":"","ocean_menu_link_hover_background":"","ocean_menu_link_active_background":"","ocean_menu_social_links_bg":"","ocean_menu_social_hover_links_bg":"","ocean_menu_social_links_color":"","ocean_menu_social_hover_links_color":"","ocean_disable_title":"on","ocean_disable_heading":"default","ocean_post_title":"","ocean_post_subheading":"","ocean_post_title_style":"","ocean_post_title_background_color":"","ocean_post_title_background":0,"ocean_post_title_bg_image_position":"","ocean_post_title_bg_image_attachment":"","ocean_post_title_bg_image_repeat":"","ocean_post_title_bg_image_size":"","ocean_post_title_height":0,"ocean_post_title_bg_overlay":0.5,"ocean_post_title_bg_overlay_color":"","ocean_disable_breadcrumbs":"default","ocean_breadcrumbs_color":"","ocean_breadcrumbs_separator_color":"","ocean_breadcrumbs_links_color":"","ocean_breadcrumbs_links_hover_color":"","ocean_display_footer_widgets":"off","ocean_display_footer_bottom":"off","ocean_custom_footer_template":"","footnotes":""},"class_list":["post-271","page","type-page","status-publish","hentry","entry"],"_links":{"self":[{"href":"https:\/\/villettadellamusica.com\/it\/wp-json\/wp\/v2\/pages\/271","targetHints":{"allow":["GET"]}}],"collection":[{"href":"https:\/\/villettadellamusica.com\/it\/wp-json\/wp\/v2\/pages"}],"about":[{"href":"https:\/\/villettadellamusica.com\/it\/wp-json\/wp\/v2\/types\/page"}],"author":[{"embeddable":true,"href":"https:\/\/villettadellamusica.com\/it\/wp-json\/wp\/v2\/users\/1"}],"replies":[{"embeddable":true,"href":"https:\/\/villettadellamusica.com\/it\/wp-json\/wp\/v2\/comments?post=271"}],"version-history":[{"count":7,"href":"https:\/\/villettadellamusica.com\/it\/wp-json\/wp\/v2\/pages\/271\/revisions"}],"predecessor-version":[{"id":331,"href":"https:\/\/villettadellamusica.com\/it\/wp-json\/wp\/v2\/pages\/271\/revisions\/331"}],"wp:attachment":[{"href":"https:\/\/villettadellamusica.com\/it\/wp-json\/wp\/v2\/media?parent=271"}],"curies":[{"name":"wp","href":"https:\/\/api.w.org\/{rel}","templated":true}]}}