{"id":186,"date":"2023-11-19T12:49:32","date_gmt":"2023-11-19T11:49:32","guid":{"rendered":"https:\/\/villettadellamusica.com\/?page_id=186"},"modified":"2025-10-07T22:34:23","modified_gmt":"2025-10-07T20:34:23","slug":"maestro-marco-bianchi","status":"publish","type":"page","link":"https:\/\/villettadellamusica.com\/it\/maestro-marco-bianchi\/","title":{"rendered":"M\u00ba Marco Bianchi"},"content":{"rendered":"<div data-elementor-type=\"wp-page\" data-elementor-id=\"186\" class=\"elementor elementor-186\">\n\t\t\t\t<div class=\"elementor-element elementor-element-9519387 e-flex e-con-boxed e-con e-parent\" data-id=\"9519387\" data-element_type=\"container\">\n\t\t\t\t\t<div class=\"e-con-inner\">\n\t\t<div class=\"elementor-element elementor-element-edf89d8 e-con-full e-flex e-con e-child\" data-id=\"edf89d8\" data-element_type=\"container\">\n\t\t\t\t<div class=\"elementor-element elementor-element-ce671b6 animated-slow elementor-invisible elementor-widget elementor-widget-image\" data-id=\"ce671b6\" data-element_type=\"widget\" data-settings=\"{&quot;_animation&quot;:&quot;zoomIn&quot;}\" data-widget_type=\"image.default\">\n\t\t\t\t\t\t\t\t\t\t\t\t\t\t\t<img fetchpriority=\"high\" decoding=\"async\" width=\"683\" height=\"1024\" src=\"https:\/\/villettadellamusica.com\/wp-content\/uploads\/2023\/11\/img_4500-683x1024.jpg\" class=\"attachment-large size-large wp-image-277\" alt=\"\" srcset=\"https:\/\/villettadellamusica.com\/wp-content\/uploads\/2023\/11\/img_4500-683x1024.jpg 683w, https:\/\/villettadellamusica.com\/wp-content\/uploads\/2023\/11\/img_4500-200x300.jpg 200w, https:\/\/villettadellamusica.com\/wp-content\/uploads\/2023\/11\/img_4500.jpg 720w\" sizes=\"(max-width: 683px) 100vw, 683px\" \/>\t\t\t\t\t\t\t\t\t\t\t\t\t\t\t<\/div>\n\t\t\t\t<\/div>\n\t\t<div class=\"elementor-element elementor-element-882b0de e-con-full e-flex e-con e-child\" data-id=\"882b0de\" data-element_type=\"container\">\n\t\t\t\t<div class=\"elementor-element elementor-element-1fabf84 elementor-widget elementor-widget-heading\" data-id=\"1fabf84\" data-element_type=\"widget\" data-widget_type=\"heading.default\">\n\t\t\t\t\t<h2 class=\"elementor-heading-title elementor-size-default\">Maestro Marco Bianchi<\/h2>\t\t\t\t<\/div>\n\t\t\t\t<div class=\"elementor-element elementor-element-ed2115f elementor-widget elementor-widget-text-editor\" data-id=\"ed2115f\" data-element_type=\"widget\" data-widget_type=\"text-editor.default\">\n\t\t\t\t\t\t\t\t\t<p>Nato a Tivoli, provincia di Roma, il 11\/02\/1971. Ha iniziato lo studio del pianoforte sotto la guida della Maestra Carla Osimani, per poi continuare lo studio con il Maestro Federico Biscione.&nbsp;<span style=\"font-size: 13px;\">Nel 1993 entra al Conservatorio \"A. Casella dell'Aquila\" sotto la guida del Maestro Sergio Calligaris. Nel 1995 si diploma con il Maestro Pietro Iadeluca da privatista con il massimo dei voti presso l'Istituto Musicale Pareggiato G. Braga di Teramo. Nello stesso anno debutta con un recital pianistico presso l'associazione AGIMUS di Tivoli riscuotendo lusinghieri consensi.<\/span><\/p>\n<p>Dopo aver ascoltato per la prima volta a Villa d'Este la musica di Franz Liszt decide di continuare gli studi A Budapest. Nel 1997 \u00e8  stato scelto per partecipare ai corsi internazionali di alto perfezionamento pianistico presso l'Accademia Franz Liszt di Budapest, e nel 2001 gli viene assegnata una borsa di studio annuale. Suoi maestri sono stati: Kecsk\u00e9s Bal\u00e1zs, Szokolay Bal\u00e1zs, V\u00e1s\u00e1ry Tam\u00e1s. Nel 2004 \u00e8 vincitore di una borsa di studio annuale presso l'Accademia Internazione Fryderyk Chopin di Varsavia.<\/p>\n<p>In occasione del bicentenario della nascita di Liszt Ferenc a Tivoli ha suonato gli Anni di Pellegrinaggio (Italia 2. ciclo) organizzato dall'Associazione dei Cavalieri di Santo Stefano. In Ungheria ha suonato regolarmente al Festival di Primavera di Budapest, \u00d3budai T\u00e1rsask\u00f6r, Istituto Italiano di Cultura, Vecchia Accademia Franz Liszt, Foro Culturale Austriaco, Casa di Cultura Aranyt\u00edz, N\u00e1dor Terem, Museo Bart\u00f3k B\u00e9la, serate musicali di Belgr\u00e1d rakpart.\nNel 2010 \u00e8 stato scelto dal Direttore per la registrazione audio in italiano del Franz Liszt Memorial Museum e Centro Ricerche.<\/p>\n<p>Nell'anno scolastico 2013\/2014 \u00e8 stato insegnante di pianoforte presso la Scuola di Musica di Etyek e nell'anno scolastico 2014\/2015 presso la Scuola di Musica di Martonv\u00e1s\u00e1r.<\/p>\n<p>Nell'anno 2016 decide di fondare la sua scuola privata di pianoforte, la \"Villetta della Musica\", a G\u00e1rdony, sulla riva del lago Velence.<\/p>\n<p>Per sostenere la scuola viene fondata anche l'Associazione Armonie della Sera.<\/p>\n<p>Tra 2019 e 2021 ha presentato una serie di 10 concerti proponendo i brani pi\u00f9 belli della letteratura pianistica con il Pianoforte Pellegrino il cui nome \u00e8 stato ispirato dal ciclo \"Anni di Pellegrinaggio\" di Franz Liszt.<\/p>\n<p>Discografia<\/p>\n<p>Marco Bianchi &#8211; Chopin (2015)<\/p>\n<p>Marco Bianchi - Liszt Ferenc - Armonie della sera (2016)<\/p>\t\t\t\t\t\t\t\t<\/div>\n\t\t\t\t<\/div>\n\t\t\t\t\t<\/div>\n\t\t\t\t<\/div>\n\t\t\t\t<\/div>","protected":false},"excerpt":{"rendered":"<p>Maestro Marco Bianchi 1971-ben sz\u00fcletett Olaszorsz\u00e1gban, a R\u00f3ma melletti Tivoliban. Liszt Ferenc m\u0171veit sz\u00fcl\u0151v\u00e1ros\u00e1ban hallotta el\u0151sz\u00f6r, az Este Vill\u00e1ban, ahol a zeneszerz\u0151 t\u00f6bb \u00e9vig kompon\u00e1lt. Zongoratanulm\u00e1nyait Carla Osimani tan\u00e1rn\u0151n\u00e9l kezdte, majd Federico Biscione mesterrel folytatta.&nbsp;Az Aquilai Konzervat\u00f3riumban Sergio Calligaris mester tan\u00edtv\u00e1nya volt, majd 1995-ben kit\u0171n\u0151 eredm\u00e9nnyel diplom\u00e1zott a Teramoi G. Braga Konzervat\u00f3riumban Pietro Iadeluca mester [&hellip;]<\/p>","protected":false},"author":1,"featured_media":0,"parent":0,"menu_order":0,"comment_status":"closed","ping_status":"closed","template":"","meta":{"ocean_post_layout":"full-screen","ocean_both_sidebars_style":"","ocean_both_sidebars_content_width":0,"ocean_both_sidebars_sidebars_width":0,"ocean_sidebar":"","ocean_second_sidebar":"","ocean_disable_margins":"enable","ocean_add_body_class":"","ocean_shortcode_before_top_bar":"","ocean_shortcode_after_top_bar":"","ocean_shortcode_before_header":"","ocean_shortcode_after_header":"","ocean_has_shortcode":"","ocean_shortcode_after_title":"","ocean_shortcode_before_footer_widgets":"","ocean_shortcode_after_footer_widgets":"","ocean_shortcode_before_footer_bottom":"","ocean_shortcode_after_footer_bottom":"","ocean_display_top_bar":"off","ocean_display_header":"default","ocean_header_style":"","ocean_center_header_left_menu":"","ocean_custom_header_template":"","ocean_custom_logo":0,"ocean_custom_retina_logo":0,"ocean_custom_logo_max_width":0,"ocean_custom_logo_tablet_max_width":0,"ocean_custom_logo_mobile_max_width":0,"ocean_custom_logo_max_height":0,"ocean_custom_logo_tablet_max_height":0,"ocean_custom_logo_mobile_max_height":0,"ocean_header_custom_menu":"","ocean_menu_typo_font_family":"","ocean_menu_typo_font_subset":"","ocean_menu_typo_font_size":0,"ocean_menu_typo_font_size_tablet":0,"ocean_menu_typo_font_size_mobile":0,"ocean_menu_typo_font_size_unit":"px","ocean_menu_typo_font_weight":"","ocean_menu_typo_font_weight_tablet":"","ocean_menu_typo_font_weight_mobile":"","ocean_menu_typo_transform":"","ocean_menu_typo_transform_tablet":"","ocean_menu_typo_transform_mobile":"","ocean_menu_typo_line_height":0,"ocean_menu_typo_line_height_tablet":0,"ocean_menu_typo_line_height_mobile":0,"ocean_menu_typo_line_height_unit":"","ocean_menu_typo_spacing":0,"ocean_menu_typo_spacing_tablet":0,"ocean_menu_typo_spacing_mobile":0,"ocean_menu_typo_spacing_unit":"","ocean_menu_link_color":"","ocean_menu_link_color_hover":"","ocean_menu_link_color_active":"","ocean_menu_link_background":"","ocean_menu_link_hover_background":"","ocean_menu_link_active_background":"","ocean_menu_social_links_bg":"","ocean_menu_social_hover_links_bg":"","ocean_menu_social_links_color":"","ocean_menu_social_hover_links_color":"","ocean_disable_title":"on","ocean_disable_heading":"default","ocean_post_title":"","ocean_post_subheading":"","ocean_post_title_style":"","ocean_post_title_background_color":"","ocean_post_title_background":0,"ocean_post_title_bg_image_position":"","ocean_post_title_bg_image_attachment":"","ocean_post_title_bg_image_repeat":"","ocean_post_title_bg_image_size":"","ocean_post_title_height":0,"ocean_post_title_bg_overlay":0.5,"ocean_post_title_bg_overlay_color":"","ocean_disable_breadcrumbs":"default","ocean_breadcrumbs_color":"","ocean_breadcrumbs_separator_color":"","ocean_breadcrumbs_links_color":"","ocean_breadcrumbs_links_hover_color":"","ocean_display_footer_widgets":"off","ocean_display_footer_bottom":"off","ocean_custom_footer_template":"","footnotes":""},"class_list":["post-186","page","type-page","status-publish","hentry","entry"],"_links":{"self":[{"href":"https:\/\/villettadellamusica.com\/it\/wp-json\/wp\/v2\/pages\/186","targetHints":{"allow":["GET"]}}],"collection":[{"href":"https:\/\/villettadellamusica.com\/it\/wp-json\/wp\/v2\/pages"}],"about":[{"href":"https:\/\/villettadellamusica.com\/it\/wp-json\/wp\/v2\/types\/page"}],"author":[{"embeddable":true,"href":"https:\/\/villettadellamusica.com\/it\/wp-json\/wp\/v2\/users\/1"}],"replies":[{"embeddable":true,"href":"https:\/\/villettadellamusica.com\/it\/wp-json\/wp\/v2\/comments?post=186"}],"version-history":[{"count":44,"href":"https:\/\/villettadellamusica.com\/it\/wp-json\/wp\/v2\/pages\/186\/revisions"}],"predecessor-version":[{"id":654,"href":"https:\/\/villettadellamusica.com\/it\/wp-json\/wp\/v2\/pages\/186\/revisions\/654"}],"wp:attachment":[{"href":"https:\/\/villettadellamusica.com\/it\/wp-json\/wp\/v2\/media?parent=186"}],"curies":[{"name":"wp","href":"https:\/\/api.w.org\/{rel}","templated":true}]}}