{"id":18,"date":"2023-11-18T18:29:45","date_gmt":"2023-11-18T17:29:45","guid":{"rendered":"https:\/\/villettadellamusica.com\/?page_id=18"},"modified":"2026-03-15T17:17:19","modified_gmt":"2026-03-15T16:17:19","slug":"koncertek","status":"publish","type":"page","link":"https:\/\/villettadellamusica.com\/it\/koncertek\/","title":{"rendered":"Concerti"},"content":{"rendered":"<div data-elementor-type=\"wp-page\" data-elementor-id=\"18\" class=\"elementor elementor-18\">\n\t\t\t\t<div class=\"elementor-element elementor-element-3f3dc41 e-flex e-con-boxed e-con e-parent\" data-id=\"3f3dc41\" data-element_type=\"container\" data-settings=\"{&quot;background_background&quot;:&quot;classic&quot;}\">\n\t\t\t\t\t<div class=\"e-con-inner\">\n\t\t\t\t<div class=\"elementor-element elementor-element-7106d66 elementor-widget elementor-widget-text-editor\" data-id=\"7106d66\" data-element_type=\"widget\" data-widget_type=\"text-editor.default\">\n\t\t\t\t\t\t\t\t\t<h6>Siamo lieti di invitarVi ai concerti della Villetta della Musica!\u00a0<\/h6><h6>A causa di posti limitati, Vi preghiamo di prenotare in anticipo tramite bianchi.toth.eva@gmail.com indirizzo e-mail.\u00a0<\/h6><h6>La partecipazione ai concerti \u00e8 gratuita, con piacere accettiamo donazioni per lo sviluppo della Scuola.\u00a0<\/h6><h6>Apertura della sala: 30 minuti prima del concerto. Per ulteriori informazioni si prega di <a href=\"https:\/\/villettadellamusica.com\/it\/kapcsolat\/\" target=\"_blank\" rel=\"noopener\">contattarci<\/a>!\u00a0<\/h6>\t\t\t\t\t\t\t\t<\/div>\n\t\t\t\t\t<\/div>\n\t\t\t\t<\/div>\n\t\t<div class=\"elementor-element elementor-element-dc4a73a e-flex e-con-boxed e-con e-parent\" data-id=\"dc4a73a\" data-element_type=\"container\" data-settings=\"{&quot;background_background&quot;:&quot;classic&quot;}\">\n\t\t\t\t\t<div class=\"e-con-inner\">\n\t\t\t\t<div class=\"elementor-element elementor-element-5d6b4cd elementor-widget elementor-widget-heading\" data-id=\"5d6b4cd\" data-element_type=\"widget\" data-widget_type=\"heading.default\">\n\t\t\t\t\t<h2 class=\"elementor-heading-title elementor-size-default\">Concerti - 2026<\/h2>\t\t\t\t<\/div>\n\t\t\t\t<div class=\"elementor-element elementor-element-a5443d9 elementor-widget elementor-widget-text-editor\" data-id=\"a5443d9\" data-element_type=\"widget\" data-widget_type=\"text-editor.default\">\n\t\t\t\t\t\t\t\t\t<p><span style=\"font-size: 16px; text-align: var(--text-align);\">29 maggio 2026, venerd\u00ec 18:00 Schumann<\/span><\/p><p><span style=\"font-size: 16px; text-align: var(--text-align);\">12 giugno 2026, venerd\u00ec 16:00 Concerto degli allievi<\/span><\/p><p><span style=\"font-size: 16px; text-align: var(--text-align);\">23 ottobre 2026, venerd\u00ec 18:00 - Liszt Ferenc\u00a0<\/span><\/p><p>5 dicembre 2026, sabato 16:00 - Concerto degli allievi<\/p><p>18 dicembre 2026, venerd\u00ec 18:00 - Concerto di Natale<\/p>\t\t\t\t\t\t\t\t<\/div>\n\t\t\t\t\t<\/div>\n\t\t\t\t<\/div>\n\t\t<div class=\"elementor-element elementor-element-7b0aed4 e-flex e-con-boxed e-con e-parent\" data-id=\"7b0aed4\" data-element_type=\"container\" data-settings=\"{&quot;background_background&quot;:&quot;classic&quot;}\">\n\t\t\t\t\t<div class=\"e-con-inner\">\n\t\t\t\t<div class=\"elementor-element elementor-element-19f4707 elementor-widget elementor-widget-heading\" data-id=\"19f4707\" data-element_type=\"widget\" data-widget_type=\"heading.default\">\n\t\t\t\t\t<h2 class=\"elementor-heading-title elementor-size-default\">Concerti - 2025<\/h2>\t\t\t\t<\/div>\n\t\t\t\t<div class=\"elementor-element elementor-element-04af279 elementor-widget elementor-widget-text-editor\" data-id=\"04af279\" data-element_type=\"widget\" data-widget_type=\"text-editor.default\">\n\t\t\t\t\t\t\t\t\t<p>28 febbraio 2025, venerd\u00ec 18:00 - Chopin<\/p><p>30 maggio 2025, venerd\u00ec 18:00 - Brahms<\/p><p>14 giugno 2025, sabato 16:00 - Concerto degli allievi<\/p><p>17 ottobre 2025, venerd\u00ec 18:00 - Liszt Ferenc<\/p><p>31 ottobre 2025, venerd\u00ed 18:00 - Liszt Ferenc&nbsp;<\/p><p>13 dicembre 2025, sabato 16:00 - Concerto degli allievi<\/p><p>19 dicembre 2025, venerd\u00ec 18:00 - Concerto di Natale<\/p>\t\t\t\t\t\t\t\t<\/div>\n\t\t\t\t\t<\/div>\n\t\t\t\t<\/div>\n\t\t<div class=\"elementor-element elementor-element-27fde48 e-flex e-con-boxed e-con e-parent\" data-id=\"27fde48\" data-element_type=\"container\" data-settings=\"{&quot;background_background&quot;:&quot;classic&quot;}\">\n\t\t\t\t\t<div class=\"e-con-inner\">\n\t\t\t\t<div class=\"elementor-element elementor-element-cc5e116 elementor-widget elementor-widget-heading\" data-id=\"cc5e116\" data-element_type=\"widget\" data-widget_type=\"heading.default\">\n\t\t\t\t\t<h2 class=\"elementor-heading-title elementor-size-default\">Concerti - 2024 <\/h2>\t\t\t\t<\/div>\n\t\t\t\t<div class=\"elementor-element elementor-element-ca6bca6 elementor-widget elementor-widget-text-editor\" data-id=\"ca6bca6\" data-element_type=\"widget\" data-widget_type=\"text-editor.default\">\n\t\t\t\t\t\t\t\t\t<p><span style=\"font-size: 16px; text-align: var(--text-align);\">1 marzo 2024, venerd\u00ec 18:00 - Chopin<\/span><\/p><p><span style=\"font-size: 16px; text-align: var(--text-align);\">10 maggio 2024, venerd\u00ec 18:00 - Brahms<\/span><\/p><p><span style=\"font-size: 16px; text-align: var(--text-align);\">1 giugno 2024, sabato 16:00 - Concerto degli allievi<\/span><\/p><p><span style=\"font-size: 16px; text-align: var(--text-align);\">6 settembre 2024, venerd\u00ec 18:00 - Compositori sud-americani<\/span><\/p><p><span style=\"font-size: 16px; text-align: var(--text-align);\">25 ottobre 2024, venerd\u00ec 18:00 - Liszt Ferenc\u00a0<\/span><\/p><p>7 dicembre 2024, sabato 16:00 - Concerto degli allievi<\/p><p>20 dicembre 2024, venerd\u00ec 18:00 - Beethoven, C\u00e9sar Franck<\/p>\t\t\t\t\t\t\t\t<\/div>\n\t\t\t\t\t<\/div>\n\t\t\t\t<\/div>\n\t\t\t\t<\/div>","protected":false},"excerpt":{"rendered":"<p>Szeretettel megh\u00edvjuk a Villetta della Musica zongorakoncertjeire!\u00a0 A helyek korl\u00e1tozott sz\u00e1m\u00e1ra tekintettel k\u00e9rj\u00fck, hogy koncertjeinkre sz\u00edveskedjen el\u0151zetesen bejelentkezni a bianchi.toth.eva@gmail.com e-mail c\u00edmen.\u00a0 Koncertjeinkre a bel\u00e9p\u00e9s ingyenes, a Zongoraiskola fejleszt\u00e9s\u00e9re felaj\u00e1nlott t\u00e1mogat\u00e1sokat \u00f6r\u00f6mmel fogadjuk.\u00a0 Kapunyit\u00e1s a koncert kezdete el\u0151tt 30 perccel. Tov\u00e1bbi inform\u00e1ci\u00f3k\u00e9rt k\u00e9rj\u00fck, hogy l\u00e9pjen vel\u00fcnk kapcsolatba!\u00a0 2026. \u00e9vi koncertek 2026. m\u00e1jus 29. p\u00e9ntek 18:00 [&hellip;]<\/p>","protected":false},"author":1,"featured_media":0,"parent":0,"menu_order":0,"comment_status":"closed","ping_status":"closed","template":"","meta":{"ocean_post_layout":"full-screen","ocean_both_sidebars_style":"","ocean_both_sidebars_content_width":0,"ocean_both_sidebars_sidebars_width":0,"ocean_sidebar":"","ocean_second_sidebar":"","ocean_disable_margins":"enable","ocean_add_body_class":"","ocean_shortcode_before_top_bar":"","ocean_shortcode_after_top_bar":"","ocean_shortcode_before_header":"","ocean_shortcode_after_header":"","ocean_has_shortcode":"","ocean_shortcode_after_title":"","ocean_shortcode_before_footer_widgets":"","ocean_shortcode_after_footer_widgets":"","ocean_shortcode_before_footer_bottom":"","ocean_shortcode_after_footer_bottom":"","ocean_display_top_bar":"off","ocean_display_header":"default","ocean_header_style":"","ocean_center_header_left_menu":"","ocean_custom_header_template":"","ocean_custom_logo":0,"ocean_custom_retina_logo":0,"ocean_custom_logo_max_width":0,"ocean_custom_logo_tablet_max_width":0,"ocean_custom_logo_mobile_max_width":0,"ocean_custom_logo_max_height":0,"ocean_custom_logo_tablet_max_height":0,"ocean_custom_logo_mobile_max_height":0,"ocean_header_custom_menu":"","ocean_menu_typo_font_family":"","ocean_menu_typo_font_subset":"","ocean_menu_typo_font_size":0,"ocean_menu_typo_font_size_tablet":0,"ocean_menu_typo_font_size_mobile":0,"ocean_menu_typo_font_size_unit":"px","ocean_menu_typo_font_weight":"","ocean_menu_typo_font_weight_tablet":"","ocean_menu_typo_font_weight_mobile":"","ocean_menu_typo_transform":"","ocean_menu_typo_transform_tablet":"","ocean_menu_typo_transform_mobile":"","ocean_menu_typo_line_height":0,"ocean_menu_typo_line_height_tablet":0,"ocean_menu_typo_line_height_mobile":0,"ocean_menu_typo_line_height_unit":"","ocean_menu_typo_spacing":0,"ocean_menu_typo_spacing_tablet":0,"ocean_menu_typo_spacing_mobile":0,"ocean_menu_typo_spacing_unit":"","ocean_menu_link_color":"","ocean_menu_link_color_hover":"","ocean_menu_link_color_active":"","ocean_menu_link_background":"","ocean_menu_link_hover_background":"","ocean_menu_link_active_background":"","ocean_menu_social_links_bg":"","ocean_menu_social_hover_links_bg":"","ocean_menu_social_links_color":"","ocean_menu_social_hover_links_color":"","ocean_disable_title":"on","ocean_disable_heading":"default","ocean_post_title":"","ocean_post_subheading":"","ocean_post_title_style":"","ocean_post_title_background_color":"","ocean_post_title_background":0,"ocean_post_title_bg_image_position":"","ocean_post_title_bg_image_attachment":"","ocean_post_title_bg_image_repeat":"","ocean_post_title_bg_image_size":"","ocean_post_title_height":0,"ocean_post_title_bg_overlay":0.5,"ocean_post_title_bg_overlay_color":"","ocean_disable_breadcrumbs":"default","ocean_breadcrumbs_color":"","ocean_breadcrumbs_separator_color":"","ocean_breadcrumbs_links_color":"","ocean_breadcrumbs_links_hover_color":"","ocean_display_footer_widgets":"off","ocean_display_footer_bottom":"off","ocean_custom_footer_template":"","footnotes":""},"class_list":["post-18","page","type-page","status-publish","hentry","entry"],"_links":{"self":[{"href":"https:\/\/villettadellamusica.com\/it\/wp-json\/wp\/v2\/pages\/18","targetHints":{"allow":["GET"]}}],"collection":[{"href":"https:\/\/villettadellamusica.com\/it\/wp-json\/wp\/v2\/pages"}],"about":[{"href":"https:\/\/villettadellamusica.com\/it\/wp-json\/wp\/v2\/types\/page"}],"author":[{"embeddable":true,"href":"https:\/\/villettadellamusica.com\/it\/wp-json\/wp\/v2\/users\/1"}],"replies":[{"embeddable":true,"href":"https:\/\/villettadellamusica.com\/it\/wp-json\/wp\/v2\/comments?post=18"}],"version-history":[{"count":163,"href":"https:\/\/villettadellamusica.com\/it\/wp-json\/wp\/v2\/pages\/18\/revisions"}],"predecessor-version":[{"id":675,"href":"https:\/\/villettadellamusica.com\/it\/wp-json\/wp\/v2\/pages\/18\/revisions\/675"}],"wp:attachment":[{"href":"https:\/\/villettadellamusica.com\/it\/wp-json\/wp\/v2\/media?parent=18"}],"curies":[{"name":"wp","href":"https:\/\/api.w.org\/{rel}","templated":true}]}}