{"id":16,"date":"2023-11-18T18:29:00","date_gmt":"2023-11-18T17:29:00","guid":{"rendered":"https:\/\/villettadellamusica.com\/?page_id=16"},"modified":"2023-11-19T20:36:39","modified_gmt":"2023-11-19T19:36:39","slug":"zongoraiskola","status":"publish","type":"page","link":"https:\/\/villettadellamusica.com\/it\/zongoraiskola\/","title":{"rendered":"Scuola di pianoforte"},"content":{"rendered":"<div data-elementor-type=\"wp-page\" data-elementor-id=\"16\" class=\"elementor elementor-16\">\n\t\t\t\t<div class=\"elementor-element elementor-element-4527230 e-flex e-con-boxed e-con e-parent\" data-id=\"4527230\" data-element_type=\"container\" data-settings=\"{&quot;background_background&quot;:&quot;classic&quot;}\">\n\t\t\t\t\t<div class=\"e-con-inner\">\n\t\t\t\t<div class=\"elementor-element elementor-element-7856991 elementor-widget elementor-widget-heading\" data-id=\"7856991\" data-element_type=\"widget\" data-widget_type=\"heading.default\">\n\t\t\t\t\t<h2 class=\"elementor-heading-title elementor-size-large\">SCUOLA DI PIANOFORTE<\/h2>\t\t\t\t<\/div>\n\t\t\t\t\t<\/div>\n\t\t\t\t<\/div>\n\t\t<div class=\"elementor-element elementor-element-2f5d44a e-flex e-con-boxed e-con e-parent\" data-id=\"2f5d44a\" data-element_type=\"container\" data-settings=\"{&quot;background_background&quot;:&quot;classic&quot;}\">\n\t\t\t\t\t<div class=\"e-con-inner\">\n\t\t<div class=\"elementor-element elementor-element-3d3710a e-con-full e-flex e-con e-child\" data-id=\"3d3710a\" data-element_type=\"container\">\n\t\t\t\t<div class=\"elementor-element elementor-element-d60c52f elementor-widget elementor-widget-text-editor\" data-id=\"d60c52f\" data-element_type=\"widget\" data-widget_type=\"text-editor.default\">\n\t\t\t\t\t\t\t\t\t<p>Con il concerto di inaugurazione tenutosi nel mese di settembre 2016 \u00e8 stata aperta la Scuola di Pianoforte del Maestro Marco Bianchi, la \"Villetta della Musica\" a G\u00e1rdony, nei pressi del lago di Velence.\u00a0<span style=\"font-size: 14px; color: var( --e-global-color-text ); text-align: var(--text-align);\">I fondatori della Scuola hanno deciso di proporre un insegnamento professionale ispirato anche dall'ambiente e da strumenti di altissima qualit\u00e0.\u00a0<\/span><\/p><p>\u00a0<\/p>\t\t\t\t\t\t\t\t<\/div>\n\t\t\t\t<\/div>\n\t\t<div class=\"elementor-element elementor-element-19c2661 e-con-full e-flex e-con e-child\" data-id=\"19c2661\" data-element_type=\"container\">\n\t\t\t\t<div class=\"elementor-element elementor-element-655b145 animated-slow elementor-invisible elementor-widget elementor-widget-image\" data-id=\"655b145\" data-element_type=\"widget\" data-settings=\"{&quot;_animation&quot;:&quot;fadeInRight&quot;}\" data-widget_type=\"image.default\">\n\t\t\t\t\t\t\t\t\t\t\t\t\t\t\t<img fetchpriority=\"high\" decoding=\"async\" width=\"1200\" height=\"700\" src=\"https:\/\/villettadellamusica.com\/wp-content\/uploads\/2023\/11\/ezgif-4-75942b1b41-1200x700.jpg\" class=\"attachment-ocean-thumb-l size-ocean-thumb-l wp-image-49\" alt=\"\" \/>\t\t\t\t\t\t\t\t\t\t\t\t\t\t\t<\/div>\n\t\t\t\t<\/div>\n\t\t<div class=\"elementor-element elementor-element-074ca64 e-con-full e-flex e-con e-child\" data-id=\"074ca64\" data-element_type=\"container\">\n\t\t\t\t<div class=\"elementor-element elementor-element-3b480b9 animated-slow elementor-invisible elementor-widget elementor-widget-image\" data-id=\"3b480b9\" data-element_type=\"widget\" data-settings=\"{&quot;_animation&quot;:&quot;fadeInLeft&quot;}\" data-widget_type=\"image.default\">\n\t\t\t\t\t\t\t\t\t\t\t\t\t\t\t<img decoding=\"async\" width=\"1200\" height=\"700\" src=\"https:\/\/villettadellamusica.com\/wp-content\/uploads\/2023\/11\/zongoraiskola-1200x700.jpg\" class=\"attachment-ocean-thumb-l size-ocean-thumb-l wp-image-204\" alt=\"\" \/>\t\t\t\t\t\t\t\t\t\t\t\t\t\t\t<\/div>\n\t\t\t\t<\/div>\n\t\t<div class=\"elementor-element elementor-element-f330e7d e-con-full e-flex e-con e-child\" data-id=\"f330e7d\" data-element_type=\"container\">\n\t\t\t\t<div class=\"elementor-element elementor-element-d4ec7bd elementor-widget elementor-widget-text-editor\" data-id=\"d4ec7bd\" data-element_type=\"widget\" data-widget_type=\"text-editor.default\">\n\t\t\t\t\t\t\t\t\t<p>La Scuola mette a disposizione per tutti gli studenti due pianoforti a coda (Yamaha e Steiner), un pianoforte verticale e un harmonium.\u00a0<\/p>\t\t\t\t\t\t\t\t<\/div>\n\t\t\t\t<\/div>\n\t\t\t\t\t<\/div>\n\t\t\t\t<\/div>\n\t\t<div class=\"elementor-element elementor-element-803964d e-flex e-con-boxed e-con e-parent\" data-id=\"803964d\" data-element_type=\"container\" data-settings=\"{&quot;background_background&quot;:&quot;classic&quot;}\">\n\t\t\t\t\t<div class=\"e-con-inner\">\n\t\t<div class=\"elementor-element elementor-element-bb5e680 e-con-full e-flex e-con e-child\" data-id=\"bb5e680\" data-element_type=\"container\">\n\t\t\t\t<div class=\"elementor-element elementor-element-e064cb8 elementor-widget elementor-widget-text-editor\" data-id=\"e064cb8\" data-element_type=\"widget\" data-widget_type=\"text-editor.default\">\n\t\t\t\t\t\t\t\t\t<p>La Villetta ha dato luogo gi\u00e0 a numerosi concerti di pianoforte e concerti degli allievi.\u00a0<\/p>\t\t\t\t\t\t\t\t<\/div>\n\t\t\t\t<div class=\"elementor-element elementor-element-4c9c9ba elementor-align-center elementor-widget elementor-widget-button\" data-id=\"4c9c9ba\" data-element_type=\"widget\" data-widget_type=\"button.default\">\n\t\t\t\t\t\t\t\t\t\t<a class=\"elementor-button elementor-button-link elementor-size-sm elementor-animation-pulse-shrink\" href=\"https:\/\/villettadellamusica.com\/it\/galeria\/\">\n\t\t\t\t\t\t<span class=\"elementor-button-content-wrapper\">\n\t\t\t\t\t\t\t\t\t<span class=\"elementor-button-text\">Galleria<\/span>\n\t\t\t\t\t<\/span>\n\t\t\t\t\t<\/a>\n\t\t\t\t\t\t\t\t<\/div>\n\t\t\t\t<\/div>\n\t\t<div class=\"elementor-element elementor-element-3353c18 e-con-full e-flex e-con e-child\" data-id=\"3353c18\" data-element_type=\"container\">\n\t\t\t\t<div class=\"elementor-element elementor-element-f0fb8af animated-slow elementor-invisible elementor-widget elementor-widget-image\" data-id=\"f0fb8af\" data-element_type=\"widget\" data-settings=\"{&quot;_animation&quot;:&quot;fadeInRight&quot;}\" data-widget_type=\"image.default\">\n\t\t\t\t\t\t\t\t\t\t\t\t\t\t\t<img decoding=\"async\" width=\"1080\" height=\"700\" src=\"https:\/\/villettadellamusica.com\/wp-content\/uploads\/2023\/11\/ezgif-5-9f2342bd09-1-1080x700.jpg\" class=\"attachment-ocean-thumb-l size-ocean-thumb-l wp-image-200\" alt=\"\" \/>\t\t\t\t\t\t\t\t\t\t\t\t\t\t\t<\/div>\n\t\t\t\t<\/div>\n\t\t<div class=\"elementor-element elementor-element-95ed755 e-con-full e-flex e-con e-child\" data-id=\"95ed755\" data-element_type=\"container\">\n\t\t\t\t<div class=\"elementor-element elementor-element-b73e6d3 elementor-align-center elementor-widget elementor-widget-button\" data-id=\"b73e6d3\" data-element_type=\"widget\" data-widget_type=\"button.default\">\n\t\t\t\t\t\t\t\t\t\t<a class=\"elementor-button elementor-button-link elementor-size-sm elementor-animation-pulse-shrink\" href=\"https:\/\/villettadellamusica.com\/it\/kapcsolat\/\">\n\t\t\t\t\t\t<span class=\"elementor-button-content-wrapper\">\n\t\t\t\t\t\t\t\t\t<span class=\"elementor-button-text\">Contatti<\/span>\n\t\t\t\t\t<\/span>\n\t\t\t\t\t<\/a>\n\t\t\t\t\t\t\t\t<\/div>\n\t\t\t\t<\/div>\n\t\t<div class=\"elementor-element elementor-element-b511693 e-con-full e-flex e-con e-child\" data-id=\"b511693\" data-element_type=\"container\">\n\t\t\t\t<div class=\"elementor-element elementor-element-b46a985 elementor-widget elementor-widget-text-editor\" data-id=\"b46a985\" data-element_type=\"widget\" data-widget_type=\"text-editor.default\">\n\t\t\t\t\t\t\t\t\t<p>Per ulteriori informazioni sull'insegnamento si prega di contattarci.\u00a0<\/p>\t\t\t\t\t\t\t\t<\/div>\n\t\t\t\t<\/div>\n\t\t\t\t\t<\/div>\n\t\t\t\t<\/div>\n\t\t\t\t<\/div>","protected":false},"excerpt":{"rendered":"<p>ZONGORAISKOLA 2016. szeptember\u00e9ben hangszerbemutat\u00f3 koncerttel nyitotta meg kapuit Maestro Marco Bianchi Zongoraiskol\u00e1ja, a Villetta della Musica a Velencei-t\u00f3 partj\u00e1n, G\u00e1rdonyban.\u00a0A Zongoraiskola alap\u00edt\u00f3i a min\u0151s\u00e9gi zeneoktat\u00e1s felt\u00e9teleinek megteremt\u00e9s\u00e9t t\u0171zt\u00e9k ki c\u00e9lul, inspir\u00e1l\u00f3 k\u00f6rnyezetben, professzion\u00e1lis hangszereken.\u00a0 \u00a0 A Zongoraiskol\u00e1ban egy Yamaha \u00e9s egy Steiner versenyzongora, egy pian\u00edn\u00f3 \u00e9s egy harm\u00f3nium \u00e1ll a tan\u00edtv\u00e1nyok rendelkez\u00e9s\u00e9re.\u00a0 A Villetta della [&hellip;]<\/p>","protected":false},"author":1,"featured_media":0,"parent":0,"menu_order":0,"comment_status":"closed","ping_status":"closed","template":"","meta":{"ocean_post_layout":"full-screen","ocean_both_sidebars_style":"","ocean_both_sidebars_content_width":0,"ocean_both_sidebars_sidebars_width":0,"ocean_sidebar":"","ocean_second_sidebar":"","ocean_disable_margins":"enable","ocean_add_body_class":"","ocean_shortcode_before_top_bar":"","ocean_shortcode_after_top_bar":"","ocean_shortcode_before_header":"","ocean_shortcode_after_header":"","ocean_has_shortcode":"","ocean_shortcode_after_title":"","ocean_shortcode_before_footer_widgets":"","ocean_shortcode_after_footer_widgets":"","ocean_shortcode_before_footer_bottom":"","ocean_shortcode_after_footer_bottom":"","ocean_display_top_bar":"off","ocean_display_header":"default","ocean_header_style":"","ocean_center_header_left_menu":"","ocean_custom_header_template":"","ocean_custom_logo":0,"ocean_custom_retina_logo":0,"ocean_custom_logo_max_width":0,"ocean_custom_logo_tablet_max_width":0,"ocean_custom_logo_mobile_max_width":0,"ocean_custom_logo_max_height":0,"ocean_custom_logo_tablet_max_height":0,"ocean_custom_logo_mobile_max_height":0,"ocean_header_custom_menu":"","ocean_menu_typo_font_family":"","ocean_menu_typo_font_subset":"","ocean_menu_typo_font_size":0,"ocean_menu_typo_font_size_tablet":0,"ocean_menu_typo_font_size_mobile":0,"ocean_menu_typo_font_size_unit":"px","ocean_menu_typo_font_weight":"","ocean_menu_typo_font_weight_tablet":"","ocean_menu_typo_font_weight_mobile":"","ocean_menu_typo_transform":"","ocean_menu_typo_transform_tablet":"","ocean_menu_typo_transform_mobile":"","ocean_menu_typo_line_height":0,"ocean_menu_typo_line_height_tablet":0,"ocean_menu_typo_line_height_mobile":0,"ocean_menu_typo_line_height_unit":"","ocean_menu_typo_spacing":0,"ocean_menu_typo_spacing_tablet":0,"ocean_menu_typo_spacing_mobile":0,"ocean_menu_typo_spacing_unit":"","ocean_menu_link_color":"","ocean_menu_link_color_hover":"","ocean_menu_link_color_active":"","ocean_menu_link_background":"","ocean_menu_link_hover_background":"","ocean_menu_link_active_background":"","ocean_menu_social_links_bg":"","ocean_menu_social_hover_links_bg":"","ocean_menu_social_links_color":"","ocean_menu_social_hover_links_color":"","ocean_disable_title":"on","ocean_disable_heading":"default","ocean_post_title":"","ocean_post_subheading":"","ocean_post_title_style":"","ocean_post_title_background_color":"","ocean_post_title_background":0,"ocean_post_title_bg_image_position":"","ocean_post_title_bg_image_attachment":"","ocean_post_title_bg_image_repeat":"","ocean_post_title_bg_image_size":"","ocean_post_title_height":0,"ocean_post_title_bg_overlay":0.5,"ocean_post_title_bg_overlay_color":"","ocean_disable_breadcrumbs":"default","ocean_breadcrumbs_color":"","ocean_breadcrumbs_separator_color":"","ocean_breadcrumbs_links_color":"","ocean_breadcrumbs_links_hover_color":"","ocean_display_footer_widgets":"off","ocean_display_footer_bottom":"off","ocean_custom_footer_template":"","footnotes":""},"class_list":["post-16","page","type-page","status-publish","hentry","entry"],"_links":{"self":[{"href":"https:\/\/villettadellamusica.com\/it\/wp-json\/wp\/v2\/pages\/16","targetHints":{"allow":["GET"]}}],"collection":[{"href":"https:\/\/villettadellamusica.com\/it\/wp-json\/wp\/v2\/pages"}],"about":[{"href":"https:\/\/villettadellamusica.com\/it\/wp-json\/wp\/v2\/types\/page"}],"author":[{"embeddable":true,"href":"https:\/\/villettadellamusica.com\/it\/wp-json\/wp\/v2\/users\/1"}],"replies":[{"embeddable":true,"href":"https:\/\/villettadellamusica.com\/it\/wp-json\/wp\/v2\/comments?post=16"}],"version-history":[{"count":49,"href":"https:\/\/villettadellamusica.com\/it\/wp-json\/wp\/v2\/pages\/16\/revisions"}],"predecessor-version":[{"id":347,"href":"https:\/\/villettadellamusica.com\/it\/wp-json\/wp\/v2\/pages\/16\/revisions\/347"}],"wp:attachment":[{"href":"https:\/\/villettadellamusica.com\/it\/wp-json\/wp\/v2\/media?parent=16"}],"curies":[{"name":"wp","href":"https:\/\/api.w.org\/{rel}","templated":true}]}}